{"id":11,"date":"2024-02-19T13:17:29","date_gmt":"2024-02-19T13:17:29","guid":{"rendered":"https:\/\/perstorpsframtid.se\/?page_id=11"},"modified":"2025-08-18T06:56:01","modified_gmt":"2025-08-18T06:56:01","slug":"elementor-11","status":"publish","type":"page","link":"https:\/\/perstorpsframtid.se\/","title":{"rendered":"Perstorps Framtid"},"content":{"rendered":"\t\t<div data-elementor-type=\"wp-post\" data-elementor-id=\"11\" class=\"elementor elementor-11\" data-elementor-post-type=\"page\">\n\t\t\t\t<div class=\"elementor-element elementor-element-a52f232 e-flex e-con-boxed e-con e-parent\" data-id=\"a52f232\" data-element_type=\"container\" data-e-type=\"container\">\n\t\t\t\t\t<div class=\"e-con-inner\">\n\t\t\t\t<div class=\"elementor-element elementor-element-3dea786 elementor-widget elementor-widget-spacer\" data-id=\"3dea786\" data-element_type=\"widget\" data-e-type=\"widget\" data-widget_type=\"spacer.default\">\n\t\t\t\t<div class=\"elementor-widget-container\">\n\t\t\t\t\t\t\t<div class=\"elementor-spacer\">\n\t\t\t<div class=\"elementor-spacer-inner\"><\/div>\n\t\t<\/div>\n\t\t\t\t\t\t<\/div>\n\t\t\t\t<\/div>\n\t\t\t\t<div class=\"elementor-element elementor-element-263825a elementor-widget elementor-widget-heading\" data-id=\"263825a\" data-element_type=\"widget\" data-e-type=\"widget\" data-widget_type=\"heading.default\">\n\t\t\t\t<div class=\"elementor-widget-container\">\n\t\t\t\t\t<h2 class=\"elementor-heading-title elementor-size-default\">V\u00e4lkommen till Perstorps Framtid<\/h2>\t\t\t\t<\/div>\n\t\t\t\t<\/div>\n\t\t\t\t<div class=\"elementor-element elementor-element-33c5034 elementor-widget elementor-widget-text-editor\" data-id=\"33c5034\" data-element_type=\"widget\" data-e-type=\"widget\" data-widget_type=\"text-editor.default\">\n\t\t\t\t<div class=\"elementor-widget-container\">\n\t\t\t\t\t\t\t\t\t<p>Perstorps framtid \u00e4r ett politiskt parti som i huvudsak m\u00e5nar om Perstorps, samt dess inv\u00e5nares, b\u00e4sta.<br>Vi \u00e4r ett lokalt och fr\u00e5n centrala organisationer obundet parti som skall l\u00e4gga allt fokus p\u00e5 att v\u00e4nda den negativa trenden i kommunen till f\u00f6rm\u00e5n f\u00f6r dess inv\u00e5nare.<\/p>\t\t\t\t\t\t\t\t<\/div>\n\t\t\t\t<\/div>\n\t\t\t\t\t<\/div>\n\t\t\t\t<\/div>\n\t\t<div class=\"elementor-element elementor-element-f0bab66 e-flex e-con-boxed e-con e-parent\" data-id=\"f0bab66\" data-element_type=\"container\" data-e-type=\"container\">\n\t\t\t\t\t<div class=\"e-con-inner\">\n\t\t\t\t<div class=\"elementor-element elementor-element-e71440c elementor-widget elementor-widget-image\" data-id=\"e71440c\" data-element_type=\"widget\" data-e-type=\"widget\" data-widget_type=\"image.default\">\n\t\t\t\t<div class=\"elementor-widget-container\">\n\t\t\t\t\t\t\t\t\t\t\t\t\t\t\t<img fetchpriority=\"high\" decoding=\"async\" width=\"726\" height=\"1024\" src=\"https:\/\/perstorpsframtid.se\/wp-content\/uploads\/2025\/08\/pf-event2-726x1024.png\" class=\"attachment-large size-large wp-image-514\" alt=\"\" srcset=\"https:\/\/perstorpsframtid.se\/wp-content\/uploads\/2025\/08\/pf-event2-726x1024.png 726w, https:\/\/perstorpsframtid.se\/wp-content\/uploads\/2025\/08\/pf-event2-213x300.png 213w, https:\/\/perstorpsframtid.se\/wp-content\/uploads\/2025\/08\/pf-event2-768x1083.png 768w, https:\/\/perstorpsframtid.se\/wp-content\/uploads\/2025\/08\/pf-event2.png 800w\" sizes=\"(max-width: 726px) 100vw, 726px\" \/>\t\t\t\t\t\t\t\t\t\t\t\t\t\t\t<\/div>\n\t\t\t\t<\/div>\n\t\t\t\t<div class=\"elementor-element elementor-element-e39a1c1 elementor-widget elementor-widget-spacer\" data-id=\"e39a1c1\" data-element_type=\"widget\" data-e-type=\"widget\" data-widget_type=\"spacer.default\">\n\t\t\t\t<div class=\"elementor-widget-container\">\n\t\t\t\t\t\t\t<div class=\"elementor-spacer\">\n\t\t\t<div class=\"elementor-spacer-inner\"><\/div>\n\t\t<\/div>\n\t\t\t\t\t\t<\/div>\n\t\t\t\t<\/div>\n\t\t\t\t\t<\/div>\n\t\t\t\t<\/div>\n\t\t<div class=\"elementor-element elementor-element-ec0e6f6 e-flex e-con-boxed e-con e-parent\" data-id=\"ec0e6f6\" data-element_type=\"container\" data-e-type=\"container\">\n\t\t\t\t\t<div class=\"e-con-inner\">\n\t\t<div class=\"elementor-element elementor-element-32a6ada e-con-full e-flex e-con e-child\" data-id=\"32a6ada\" data-element_type=\"container\" data-e-type=\"container\">\n\t\t\t\t<div class=\"elementor-element elementor-element-fe0a9c6 elementor-widget elementor-widget-text-editor\" data-id=\"fe0a9c6\" data-element_type=\"widget\" data-e-type=\"widget\" data-widget_type=\"text-editor.default\">\n\t\t\t\t<div class=\"elementor-widget-container\">\n\t\t\t\t\t\t\t\t\t<h5 class=\"title-heading-center\" data-lineheight=\"27\" data-fontsize=\"18\">Det handlar inte om n\u00e4sta kommunval utan om n\u00e4sta generation<\/h5><h5>Perstorps Framtid \u00e4r det sj\u00e4lvklara valet f\u00f6r dig som bor och verkar i Perstorp och brinner f\u00f6r Perstorps utveckling, inte avveckling<\/h5>\t\t\t\t\t\t\t\t<\/div>\n\t\t\t\t<\/div>\n\t\t\t\t<\/div>\n\t\t<div class=\"elementor-element elementor-element-402af4f e-con-full e-flex e-con e-child\" data-id=\"402af4f\" data-element_type=\"container\" data-e-type=\"container\">\n\t\t\t\t<div class=\"elementor-element elementor-element-e8e4350 elementor-widget elementor-widget-image\" data-id=\"e8e4350\" data-element_type=\"widget\" data-e-type=\"widget\" data-widget_type=\"image.default\">\n\t\t\t\t<div class=\"elementor-widget-container\">\n\t\t\t\t\t\t\t\t\t\t\t\t\t\t\t<img decoding=\"async\" width=\"365\" height=\"371\" src=\"https:\/\/perstorpsframtid.se\/wp-content\/uploads\/2024\/02\/bild1.png\" class=\"attachment-full size-full wp-image-31\" alt=\"\" srcset=\"https:\/\/perstorpsframtid.se\/wp-content\/uploads\/2024\/02\/bild1.png 365w, https:\/\/perstorpsframtid.se\/wp-content\/uploads\/2024\/02\/bild1-295x300.png 295w\" sizes=\"(max-width: 365px) 100vw, 365px\" \/>\t\t\t\t\t\t\t\t\t\t\t\t\t\t\t<\/div>\n\t\t\t\t<\/div>\n\t\t\t\t<\/div>\n\t\t<div class=\"elementor-element elementor-element-0dd30fa e-con-full e-flex e-con e-child\" data-id=\"0dd30fa\" data-element_type=\"container\" data-e-type=\"container\">\n\t\t\t\t<div class=\"elementor-element elementor-element-a83ba4c elementor-widget elementor-widget-image\" data-id=\"a83ba4c\" data-element_type=\"widget\" data-e-type=\"widget\" data-widget_type=\"image.default\">\n\t\t\t\t<div class=\"elementor-widget-container\">\n\t\t\t\t\t\t\t\t\t\t\t\t\t\t\t<img decoding=\"async\" src=\"https:\/\/perstorpsframtid.se\/wp-content\/uploads\/elementor\/thumbs\/IMG_6934-qm9691lamii1ce0osetuvulpr8wymitqpbvdkxohvs.jpg\" title=\"IMG_6934\" alt=\"IMG_6934\" loading=\"lazy\" \/>\t\t\t\t\t\t\t\t\t\t\t\t\t\t\t<\/div>\n\t\t\t\t<\/div>\n\t\t\t\t<\/div>\n\t\t\t\t\t<\/div>\n\t\t\t\t<\/div>\n\t\t<div class=\"elementor-element elementor-element-ed55aeb e-flex e-con-boxed e-con e-parent\" data-id=\"ed55aeb\" data-element_type=\"container\" data-e-type=\"container\">\n\t\t\t\t\t<div class=\"e-con-inner\">\n\t\t<div class=\"elementor-element elementor-element-02dc80f e-con-full e-flex e-con e-child\" data-id=\"02dc80f\" data-element_type=\"container\" data-e-type=\"container\">\n\t\t\t\t<div class=\"elementor-element elementor-element-10299c6 elementor-widget elementor-widget-image\" data-id=\"10299c6\" data-element_type=\"widget\" data-e-type=\"widget\" data-widget_type=\"image.default\">\n\t\t\t\t<div class=\"elementor-widget-container\">\n\t\t\t\t\t\t\t\t\t\t\t\t\t\t\t<img decoding=\"async\" width=\"640\" height=\"360\" src=\"https:\/\/perstorpsframtid.se\/wp-content\/uploads\/2024\/03\/kommun2.jpg\" class=\"attachment-large size-large wp-image-449\" alt=\"\" srcset=\"https:\/\/perstorpsframtid.se\/wp-content\/uploads\/2024\/03\/kommun2.jpg 640w, https:\/\/perstorpsframtid.se\/wp-content\/uploads\/2024\/03\/kommun2-300x169.jpg 300w\" sizes=\"(max-width: 640px) 100vw, 640px\" \/>\t\t\t\t\t\t\t\t\t\t\t\t\t\t\t<\/div>\n\t\t\t\t<\/div>\n\t\t\t\t<\/div>\n\t\t<div class=\"elementor-element elementor-element-48fa656 e-con-full e-flex e-con e-child\" data-id=\"48fa656\" data-element_type=\"container\" data-e-type=\"container\">\n\t\t\t\t<div class=\"elementor-element elementor-element-9999460 elementor-widget elementor-widget-image\" data-id=\"9999460\" data-element_type=\"widget\" data-e-type=\"widget\" data-widget_type=\"image.default\">\n\t\t\t\t<div class=\"elementor-widget-container\">\n\t\t\t\t\t\t\t\t\t\t\t\t\t\t\t<img decoding=\"async\" src=\"https:\/\/perstorpsframtid.se\/wp-content\/uploads\/elementor\/thumbs\/132-BILD-2-qm9692j2px1mvyz2p8oaw3zm10vjxq79sda8roucqo.jpg\" title=\"132 BILD (2)\" alt=\"132 BILD (2)\" loading=\"lazy\" \/>\t\t\t\t\t\t\t\t\t\t\t\t\t\t\t<\/div>\n\t\t\t\t<\/div>\n\t\t\t\t<\/div>\n\t\t<div class=\"elementor-element elementor-element-b72fb49 e-con-full e-flex e-con e-child\" data-id=\"b72fb49\" data-element_type=\"container\" data-e-type=\"container\">\n\t\t\t\t<div class=\"elementor-element elementor-element-fcd74fa elementor-widget elementor-widget-image\" data-id=\"fcd74fa\" data-element_type=\"widget\" data-e-type=\"widget\" data-widget_type=\"image.default\">\n\t\t\t\t<div class=\"elementor-widget-container\">\n\t\t\t\t\t\t\t\t\t\t\t\t\t\t\t<img decoding=\"async\" src=\"https:\/\/perstorpsframtid.se\/wp-content\/uploads\/elementor\/thumbs\/IMG_6935-qm9691lamii1ce0osetuvulpr8wymitqpbvdkxohvs.jpg\" title=\"IMG_6935\" alt=\"IMG_6935\" loading=\"lazy\" \/>\t\t\t\t\t\t\t\t\t\t\t\t\t\t\t<\/div>\n\t\t\t\t<\/div>\n\t\t\t\t<\/div>\n\t\t\t\t\t<\/div>\n\t\t\t\t<\/div>\n\t\t<div class=\"elementor-element elementor-element-803e350 e-con-full e-flex e-con e-parent\" data-id=\"803e350\" data-element_type=\"container\" data-e-type=\"container\">\n\t\t\t\t<div class=\"elementor-element elementor-element-7a813b2 elementor-widget elementor-widget-spacer\" data-id=\"7a813b2\" data-element_type=\"widget\" data-e-type=\"widget\" data-widget_type=\"spacer.default\">\n\t\t\t\t<div class=\"elementor-widget-container\">\n\t\t\t\t\t\t\t<div class=\"elementor-spacer\">\n\t\t\t<div class=\"elementor-spacer-inner\"><\/div>\n\t\t<\/div>\n\t\t\t\t\t\t<\/div>\n\t\t\t\t<\/div>\n\t\t\t\t<div class=\"elementor-element elementor-element-481f466 elementor-widget elementor-widget-image\" data-id=\"481f466\" data-element_type=\"widget\" data-e-type=\"widget\" data-widget_type=\"image.default\">\n\t\t\t\t<div class=\"elementor-widget-container\">\n\t\t\t\t\t\t\t\t\t\t\t\t\t\t\t<img loading=\"lazy\" decoding=\"async\" width=\"2560\" height=\"768\" src=\"https:\/\/perstorpsframtid.se\/wp-content\/uploads\/2024\/02\/IMG_6932-scaled-e1708352995500.jpg\" class=\"attachment-full size-full wp-image-34\" alt=\"\" srcset=\"https:\/\/perstorpsframtid.se\/wp-content\/uploads\/2024\/02\/IMG_6932-scaled-e1708352995500.jpg 2560w, https:\/\/perstorpsframtid.se\/wp-content\/uploads\/2024\/02\/IMG_6932-scaled-e1708352995500-300x90.jpg 300w, https:\/\/perstorpsframtid.se\/wp-content\/uploads\/2024\/02\/IMG_6932-scaled-e1708352995500-1024x307.jpg 1024w, https:\/\/perstorpsframtid.se\/wp-content\/uploads\/2024\/02\/IMG_6932-scaled-e1708352995500-768x230.jpg 768w, https:\/\/perstorpsframtid.se\/wp-content\/uploads\/2024\/02\/IMG_6932-scaled-e1708352995500-1536x461.jpg 1536w, https:\/\/perstorpsframtid.se\/wp-content\/uploads\/2024\/02\/IMG_6932-scaled-e1708352995500-2048x614.jpg 2048w\" sizes=\"(max-width: 2560px) 100vw, 2560px\" \/>\t\t\t\t\t\t\t\t\t\t\t\t\t\t\t<\/div>\n\t\t\t\t<\/div>\n\t\t\t\t<\/div>\n\t\t<div class=\"elementor-element elementor-element-288612d e-flex e-con-boxed e-con e-parent\" data-id=\"288612d\" data-element_type=\"container\" data-e-type=\"container\">\n\t\t\t\t\t<div class=\"e-con-inner\">\n\t\t\t\t<div class=\"elementor-element elementor-element-f9db714 elementor-widget elementor-widget-spacer\" data-id=\"f9db714\" data-element_type=\"widget\" data-e-type=\"widget\" data-widget_type=\"spacer.default\">\n\t\t\t\t<div class=\"elementor-widget-container\">\n\t\t\t\t\t\t\t<div class=\"elementor-spacer\">\n\t\t\t<div class=\"elementor-spacer-inner\"><\/div>\n\t\t<\/div>\n\t\t\t\t\t\t<\/div>\n\t\t\t\t<\/div>\n\t\t\t\t<div class=\"elementor-element elementor-element-8aa05b3 elementor-widget elementor-widget-heading\" data-id=\"8aa05b3\" data-element_type=\"widget\" data-e-type=\"widget\" data-widget_type=\"heading.default\">\n\t\t\t\t<div class=\"elementor-widget-container\">\n\t\t\t\t\t<h2 class=\"elementor-heading-title elementor-size-default\">Perstorps Framtids v\u00e4rdegrund<\/h2>\t\t\t\t<\/div>\n\t\t\t\t<\/div>\n\t\t\t\t<div class=\"elementor-element elementor-element-04cae57 elementor-widget elementor-widget-text-editor\" data-id=\"04cae57\" data-element_type=\"widget\" data-e-type=\"widget\" data-widget_type=\"text-editor.default\">\n\t\t\t\t<div class=\"elementor-widget-container\">\n\t\t\t\t\t\t\t\t\t<h5>Perstorps Framtid \u00e4r ett demokratiskt politiskt parti vars grundsyn \u00e4r att sunt f\u00f6rnuft och ansvar skall pr\u00e4gla de politiska besluten i Perstorps kommun.<\/h5><h5>\u00a0<\/h5><ul><li><h5>att samla personer med intresse f\u00f6r kommunens utveckling<\/h5><\/li><li><h5>att genom upplysning och debatt v\u00e4cka intresse f\u00f6r samh\u00e4llsfr\u00e5gor<\/h5><\/li><li><h5>att fr\u00e4mja en demokratisk utveckling<\/h5><\/li><li><h5>att verka f\u00f6r val av personer till politiska f\u00f6rtroendeuppdrag med intresse f\u00f6r hur Perstorps kommun skall utvecklas<\/h5><\/li><li><h5>att genom engagemang och arbete i olika fr\u00e5gor bidra till en positiv utveckling f\u00f6r inv\u00e5nare och f\u00f6retag i Perstorps kommun\u00a0<\/h5><\/li><li><h5><strong>Vi tror p\u00e5 Perstorp &#8211; g\u00f6r Du<\/strong><\/h5><\/li><\/ul><p style=\"text-align: center;\"><strong>Antagen 28 april 2019<\/strong><\/p>\t\t\t\t\t\t\t\t<\/div>\n\t\t\t\t<\/div>\n\t\t\t\t\t<\/div>\n\t\t\t\t<\/div>\n\t\t<div class=\"elementor-element elementor-element-8aa7e4f e-flex e-con-boxed e-con e-parent\" data-id=\"8aa7e4f\" data-element_type=\"container\" data-e-type=\"container\">\n\t\t\t\t\t<div class=\"e-con-inner\">\n\t\t\t\t<div class=\"elementor-element elementor-element-646e702 elementor-widget elementor-widget-spacer\" data-id=\"646e702\" data-element_type=\"widget\" data-e-type=\"widget\" data-widget_type=\"spacer.default\">\n\t\t\t\t<div class=\"elementor-widget-container\">\n\t\t\t\t\t\t\t<div class=\"elementor-spacer\">\n\t\t\t<div class=\"elementor-spacer-inner\"><\/div>\n\t\t<\/div>\n\t\t\t\t\t\t<\/div>\n\t\t\t\t<\/div>\n\t\t\t\t<div class=\"elementor-element elementor-element-866b1a5 elementor-widget elementor-widget-text-editor\" data-id=\"866b1a5\" data-element_type=\"widget\" data-e-type=\"widget\" data-widget_type=\"text-editor.default\">\n\t\t\t\t<div class=\"elementor-widget-container\">\n\t\t\t\t\t\t\t\t\t<h3 style=\"text-align: center;\">Kontakta oss<\/h3><h4 style=\"text-align: center;\"><a href=\"mailto:perstorpsframtid@gmail.com\">perstorpsframtid@hotmail.com<\/a><\/h4><h5 style=\"text-align: center;\">eller f\u00f6lj oss p\u00e5\u00a0<\/h5><h5 style=\"text-align: center;\"><a href=\"https:\/\/www.facebook.com\/perstorpsframtid\/\" target=\"_blank\" rel=\"noopener\">Facebook<\/a>\u00a0och Instagram<\/h5>\t\t\t\t\t\t\t\t<\/div>\n\t\t\t\t<\/div>\n\t\t\t\t\t<\/div>\n\t\t\t\t<\/div>\n\t\t\t\t<\/div>\n\t\t","protected":false},"excerpt":{"rendered":"<p>V\u00e4lkommen till Perstorps Framtid Perstorps framtid \u00e4r ett politiskt parti som i huvudsak m\u00e5nar om Perstorps, samt dess inv\u00e5nares, b\u00e4sta.Vi \u00e4r ett lokalt och fr\u00e5n centrala organisationer obundet parti som skall l\u00e4gga allt fokus p\u00e5 att v\u00e4nda den negativa trenden i kommunen till f\u00f6rm\u00e5n f\u00f6r dess inv\u00e5nare. Det handlar inte om n\u00e4sta kommunval utan om [&hellip;]<\/p>\n","protected":false},"author":2,"featured_media":0,"parent":0,"menu_order":0,"comment_status":"closed","ping_status":"closed","template":"","meta":{"footnotes":""},"class_list":["post-11","page","type-page","status-publish","hentry"],"_links":{"self":[{"href":"https:\/\/perstorpsframtid.se\/index.php\/wp-json\/wp\/v2\/pages\/11","targetHints":{"allow":["GET"]}}],"collection":[{"href":"https:\/\/perstorpsframtid.se\/index.php\/wp-json\/wp\/v2\/pages"}],"about":[{"href":"https:\/\/perstorpsframtid.se\/index.php\/wp-json\/wp\/v2\/types\/page"}],"author":[{"embeddable":true,"href":"https:\/\/perstorpsframtid.se\/index.php\/wp-json\/wp\/v2\/users\/2"}],"replies":[{"embeddable":true,"href":"https:\/\/perstorpsframtid.se\/index.php\/wp-json\/wp\/v2\/comments?post=11"}],"version-history":[{"count":56,"href":"https:\/\/perstorpsframtid.se\/index.php\/wp-json\/wp\/v2\/pages\/11\/revisions"}],"predecessor-version":[{"id":517,"href":"https:\/\/perstorpsframtid.se\/index.php\/wp-json\/wp\/v2\/pages\/11\/revisions\/517"}],"wp:attachment":[{"href":"https:\/\/perstorpsframtid.se\/index.php\/wp-json\/wp\/v2\/media?parent=11"}],"curies":[{"name":"wp","href":"https:\/\/api.w.org\/{rel}","templated":true}]}}