{"id":266,"date":"2024-02-27T14:12:22","date_gmt":"2024-02-27T14:12:22","guid":{"rendered":"https:\/\/perstorpsframtid.se\/?page_id=266"},"modified":"2024-03-14T09:18:45","modified_gmt":"2024-03-14T09:18:45","slug":"revisionen-2","status":"publish","type":"page","link":"https:\/\/perstorpsframtid.se\/index.php\/revisionen-2\/","title":{"rendered":"Socialn\u00e4mnden"},"content":{"rendered":"\t\t<div data-elementor-type=\"wp-page\" data-elementor-id=\"266\" class=\"elementor elementor-266\" data-elementor-post-type=\"page\">\n\t\t\t\t<div class=\"elementor-element elementor-element-830152d e-flex e-con-boxed e-con e-parent\" data-id=\"830152d\" data-element_type=\"container\" data-e-type=\"container\">\n\t\t\t\t\t<div class=\"e-con-inner\">\n\t\t\t\t<div class=\"elementor-element elementor-element-17e3e47 elementor-widget elementor-widget-spacer\" data-id=\"17e3e47\" data-element_type=\"widget\" data-e-type=\"widget\" data-widget_type=\"spacer.default\">\n\t\t\t\t<div class=\"elementor-widget-container\">\n\t\t\t\t\t\t\t<div class=\"elementor-spacer\">\n\t\t\t<div class=\"elementor-spacer-inner\"><\/div>\n\t\t<\/div>\n\t\t\t\t\t\t<\/div>\n\t\t\t\t<\/div>\n\t\t\t\t<div class=\"elementor-element elementor-element-044dc71 elementor-widget elementor-widget-heading\" data-id=\"044dc71\" data-element_type=\"widget\" data-e-type=\"widget\" data-widget_type=\"heading.default\">\n\t\t\t\t<div class=\"elementor-widget-container\">\n\t\t\t\t\t<h2 class=\"elementor-heading-title elementor-size-default\">Perstorps Framtid\u00b4s representant i socialn\u00e4mnden<\/h2>\t\t\t\t<\/div>\n\t\t\t\t<\/div>\n\t\t\t\t<div class=\"elementor-element elementor-element-79224af elementor-widget elementor-widget-spacer\" data-id=\"79224af\" data-element_type=\"widget\" data-e-type=\"widget\" data-widget_type=\"spacer.default\">\n\t\t\t\t<div class=\"elementor-widget-container\">\n\t\t\t\t\t\t\t<div class=\"elementor-spacer\">\n\t\t\t<div class=\"elementor-spacer-inner\"><\/div>\n\t\t<\/div>\n\t\t\t\t\t\t<\/div>\n\t\t\t\t<\/div>\n\t\t\t\t\t<\/div>\n\t\t\t\t<\/div>\n\t\t<div class=\"elementor-element elementor-element-fdcdaf8 e-flex e-con-boxed e-con e-parent\" data-id=\"fdcdaf8\" data-element_type=\"container\" data-e-type=\"container\">\n\t\t\t\t\t<div class=\"e-con-inner\">\n\t\t<div class=\"elementor-element elementor-element-f9568ae e-con-full e-flex e-con e-child\" data-id=\"f9568ae\" data-element_type=\"container\" data-e-type=\"container\">\n\t\t\t\t<div class=\"elementor-element elementor-element-61ba46c elementor-widget elementor-widget-image\" data-id=\"61ba46c\" data-element_type=\"widget\" data-e-type=\"widget\" data-widget_type=\"image.default\">\n\t\t\t\t<div class=\"elementor-widget-container\">\n\t\t\t\t\t\t\t\t\t\t\t\t<figure class=\"wp-caption\">\n\t\t\t\t\t\t\t\t\t\t<img decoding=\"async\" src=\"https:\/\/perstorpsframtid.se\/wp-content\/uploads\/elementor\/thumbs\/AL_IMG_0662-scaled-e1710166495184-qm9692j2px1nwsuaf1lxbgs41psri0stx1k4vc63nk.jpg\" title=\"AL_IMG_0662\" alt=\"AL_IMG_0662\" loading=\"lazy\" \/>\t\t\t\t\t\t\t\t\t\t\t<figcaption class=\"widget-image-caption wp-caption-text\">G\u00f6ran L\u00e5ngstr\u00f6m, 1:e vice ordf\u00f6rande<\/figcaption>\n\t\t\t\t\t\t\t\t\t\t<\/figure>\n\t\t\t\t\t\t\t\t\t<\/div>\n\t\t\t\t<\/div>\n\t\t\t\t<\/div>\n\t\t<div class=\"elementor-element elementor-element-3f11478 e-con-full e-flex e-con e-child\" data-id=\"3f11478\" data-element_type=\"container\" data-e-type=\"container\">\n\t\t\t\t<\/div>\n\t\t<div class=\"elementor-element elementor-element-c760389 e-con-full e-flex e-con e-child\" data-id=\"c760389\" data-element_type=\"container\" data-e-type=\"container\">\n\t\t\t\t<div class=\"elementor-element elementor-element-e0b8b8c elementor-widget elementor-widget-image\" data-id=\"e0b8b8c\" data-element_type=\"widget\" data-e-type=\"widget\" data-widget_type=\"image.default\">\n\t\t\t\t<div class=\"elementor-widget-container\">\n\t\t\t\t\t\t\t\t\t\t\t\t<figure class=\"wp-caption\">\n\t\t\t\t\t\t\t\t\t\t<img decoding=\"async\" src=\"https:\/\/perstorpsframtid.se\/wp-content\/uploads\/elementor\/thumbs\/AL_IMG_0627-scaled-e1710407915142-qm9692j5tqx4cefdma6mycgepmhpbzgeaq8udv8x2y.jpg\" title=\"AL_IMG_0627\" alt=\"AL_IMG_0627\" loading=\"lazy\" \/>\t\t\t\t\t\t\t\t\t\t\t<figcaption class=\"widget-image-caption wp-caption-text\">Ingela Aronsson, Ers\u00e4ttare<\/figcaption>\n\t\t\t\t\t\t\t\t\t\t<\/figure>\n\t\t\t\t\t\t\t\t\t<\/div>\n\t\t\t\t<\/div>\n\t\t<div class=\"elementor-element elementor-element-2816061 e-con-full e-flex e-con e-child\" data-id=\"2816061\" data-element_type=\"container\" data-e-type=\"container\">\n\t\t<div class=\"elementor-element elementor-element-a0597ad e-con-full e-flex e-con e-child\" data-id=\"a0597ad\" data-element_type=\"container\" data-e-type=\"container\">\n\t\t\t\t<\/div>\n\t\t\t\t<\/div>\n\t\t\t\t<\/div>\n\t\t\t\t\t<\/div>\n\t\t\t\t<\/div>\n\t\t<div class=\"elementor-element elementor-element-765a7d7 e-flex e-con-boxed e-con e-parent\" data-id=\"765a7d7\" data-element_type=\"container\" data-e-type=\"container\">\n\t\t\t\t\t<div class=\"e-con-inner\">\n\t\t\t\t<div class=\"elementor-element elementor-element-01a3bc7 elementor-widget elementor-widget-spacer\" data-id=\"01a3bc7\" data-element_type=\"widget\" data-e-type=\"widget\" data-widget_type=\"spacer.default\">\n\t\t\t\t<div class=\"elementor-widget-container\">\n\t\t\t\t\t\t\t<div class=\"elementor-spacer\">\n\t\t\t<div class=\"elementor-spacer-inner\"><\/div>\n\t\t<\/div>\n\t\t\t\t\t\t<\/div>\n\t\t\t\t<\/div>\n\t\t\t\t<div class=\"elementor-element elementor-element-0579849 elementor-widget elementor-widget-text-editor\" data-id=\"0579849\" data-element_type=\"widget\" data-e-type=\"widget\" data-widget_type=\"text-editor.default\">\n\t\t\t\t<div class=\"elementor-widget-container\">\n\t\t\t\t\t\t\t\t\t<h4><a href=\"https:\/\/www.perstorp.se\/sidor\/huvudmeny\/kommunpolitik\/namnderstyrelser\/socialnamnden.4.61780eb015c1403d634136b.html\" target=\"_blank\" rel=\"noopener\">Socialn\u00e4mndens protokoll<\/a><\/h4>\t\t\t\t\t\t\t\t<\/div>\n\t\t\t\t<\/div>\n\t\t\t\t\t<\/div>\n\t\t\t\t<\/div>\n\t\t\t\t<\/div>\n\t\t","protected":false},"excerpt":{"rendered":"<p>Perstorps Framtid\u00b4s representant i socialn\u00e4mnden G\u00f6ran L\u00e5ngstr\u00f6m, 1:e vice ordf\u00f6rande Ingela Aronsson, Ers\u00e4ttare Socialn\u00e4mndens protokoll<\/p>\n","protected":false},"author":2,"featured_media":0,"parent":0,"menu_order":0,"comment_status":"closed","ping_status":"closed","template":"","meta":{"footnotes":""},"class_list":["post-266","page","type-page","status-publish","hentry"],"_links":{"self":[{"href":"https:\/\/perstorpsframtid.se\/index.php\/wp-json\/wp\/v2\/pages\/266","targetHints":{"allow":["GET"]}}],"collection":[{"href":"https:\/\/perstorpsframtid.se\/index.php\/wp-json\/wp\/v2\/pages"}],"about":[{"href":"https:\/\/perstorpsframtid.se\/index.php\/wp-json\/wp\/v2\/types\/page"}],"author":[{"embeddable":true,"href":"https:\/\/perstorpsframtid.se\/index.php\/wp-json\/wp\/v2\/users\/2"}],"replies":[{"embeddable":true,"href":"https:\/\/perstorpsframtid.se\/index.php\/wp-json\/wp\/v2\/comments?post=266"}],"version-history":[{"count":17,"href":"https:\/\/perstorpsframtid.se\/index.php\/wp-json\/wp\/v2\/pages\/266\/revisions"}],"predecessor-version":[{"id":468,"href":"https:\/\/perstorpsframtid.se\/index.php\/wp-json\/wp\/v2\/pages\/266\/revisions\/468"}],"wp:attachment":[{"href":"https:\/\/perstorpsframtid.se\/index.php\/wp-json\/wp\/v2\/media?parent=266"}],"curies":[{"name":"wp","href":"https:\/\/api.w.org\/{rel}","templated":true}]}}