{"id":369,"date":"2024-03-05T11:51:54","date_gmt":"2024-03-05T11:51:54","guid":{"rendered":"https:\/\/perstorpsframtid.se\/?page_id=369"},"modified":"2024-04-03T15:18:12","modified_gmt":"2024-04-03T15:18:12","slug":"styrelse","status":"publish","type":"page","link":"https:\/\/perstorpsframtid.se\/index.php\/styrelse\/","title":{"rendered":"Styrelse"},"content":{"rendered":"\t\t<div data-elementor-type=\"wp-page\" data-elementor-id=\"369\" class=\"elementor elementor-369\" data-elementor-post-type=\"page\">\n\t\t\t\t<div class=\"elementor-element elementor-element-af9ac93 e-flex e-con-boxed e-con e-parent\" data-id=\"af9ac93\" data-element_type=\"container\" data-e-type=\"container\">\n\t\t\t\t\t<div class=\"e-con-inner\">\n\t\t\t\t<div class=\"elementor-element elementor-element-2ead7f3 elementor-widget elementor-widget-spacer\" data-id=\"2ead7f3\" data-element_type=\"widget\" data-e-type=\"widget\" data-widget_type=\"spacer.default\">\n\t\t\t\t<div class=\"elementor-widget-container\">\n\t\t\t\t\t\t\t<div class=\"elementor-spacer\">\n\t\t\t<div class=\"elementor-spacer-inner\"><\/div>\n\t\t<\/div>\n\t\t\t\t\t\t<\/div>\n\t\t\t\t<\/div>\n\t\t\t\t<div class=\"elementor-element elementor-element-83f608a elementor-widget elementor-widget-heading\" data-id=\"83f608a\" data-element_type=\"widget\" data-e-type=\"widget\" data-widget_type=\"heading.default\">\n\t\t\t\t<div class=\"elementor-widget-container\">\n\t\t\t\t\t<h2 class=\"elementor-heading-title elementor-size-default\">Perstorps Framtids Styrelse<\/h2>\t\t\t\t<\/div>\n\t\t\t\t<\/div>\n\t\t\t\t<div class=\"elementor-element elementor-element-59f0f12 elementor-widget elementor-widget-spacer\" data-id=\"59f0f12\" data-element_type=\"widget\" data-e-type=\"widget\" data-widget_type=\"spacer.default\">\n\t\t\t\t<div class=\"elementor-widget-container\">\n\t\t\t\t\t\t\t<div class=\"elementor-spacer\">\n\t\t\t<div class=\"elementor-spacer-inner\"><\/div>\n\t\t<\/div>\n\t\t\t\t\t\t<\/div>\n\t\t\t\t<\/div>\n\t\t\t\t\t<\/div>\n\t\t\t\t<\/div>\n\t\t<div class=\"elementor-element elementor-element-b488a69 e-flex e-con-boxed e-con e-parent\" data-id=\"b488a69\" data-element_type=\"container\" data-e-type=\"container\">\n\t\t\t\t\t<div class=\"e-con-inner\">\n\t\t\t\t\t<\/div>\n\t\t\t\t<\/div>\n\t\t<div class=\"elementor-element elementor-element-ebf0d5b e-flex e-con-boxed e-con e-parent\" data-id=\"ebf0d5b\" data-element_type=\"container\" data-e-type=\"container\">\n\t\t\t\t\t<div class=\"e-con-inner\">\n\t\t<div class=\"elementor-element elementor-element-45d2741 e-con-full e-flex e-con e-child\" data-id=\"45d2741\" data-element_type=\"container\" data-e-type=\"container\">\n\t\t\t\t<div class=\"elementor-element elementor-element-9e72566 elementor-widget elementor-widget-image\" data-id=\"9e72566\" data-element_type=\"widget\" data-e-type=\"widget\" data-widget_type=\"image.default\">\n\t\t\t\t<div class=\"elementor-widget-container\">\n\t\t\t\t\t\t\t\t\t\t\t\t\t\t\t<img decoding=\"async\" src=\"https:\/\/perstorpsframtid.se\/wp-content\/uploads\/elementor\/thumbs\/AL_IMG_0634-scaled-e1710166635318-qm9692j2px1nwsuaf1lxbgs41psri0stx1k4vc63nk.jpg\" title=\"AL_IMG_0634\" alt=\"AL_IMG_0634\" loading=\"lazy\" \/>\t\t\t\t\t\t\t\t\t\t\t\t\t\t\t<\/div>\n\t\t\t\t<\/div>\n\t\t\t\t<div class=\"elementor-element elementor-element-a5e2d4f elementor-widget elementor-widget-text-editor\" data-id=\"a5e2d4f\" data-element_type=\"widget\" data-e-type=\"widget\" data-widget_type=\"text-editor.default\">\n\t\t\t\t<div class=\"elementor-widget-container\">\n\t\t\t\t\t\t\t\t\t<p>Yvonne L\u00e5ngstr\u00f6m<\/p><p>Ordf\u00f6rande<\/p>\t\t\t\t\t\t\t\t<\/div>\n\t\t\t\t<\/div>\n\t\t\t\t<\/div>\n\t\t<div class=\"elementor-element elementor-element-dc79010 e-con-full e-flex e-con e-child\" data-id=\"dc79010\" data-element_type=\"container\" data-e-type=\"container\">\n\t\t\t\t<div class=\"elementor-element elementor-element-2d11591 elementor-widget elementor-widget-image\" data-id=\"2d11591\" data-element_type=\"widget\" data-e-type=\"widget\" data-widget_type=\"image.default\">\n\t\t\t\t<div class=\"elementor-widget-container\">\n\t\t\t\t\t\t\t\t\t\t\t\t\t\t\t<img decoding=\"async\" src=\"https:\/\/perstorpsframtid.se\/wp-content\/uploads\/elementor\/thumbs\/AL_IMG_0662-scaled-e1710166495184-qm9692j2px1nwsuaf1lxbgs41psri0stx1k4vc63nk.jpg\" title=\"AL_IMG_0662\" alt=\"AL_IMG_0662\" loading=\"lazy\" \/>\t\t\t\t\t\t\t\t\t\t\t\t\t\t\t<\/div>\n\t\t\t\t<\/div>\n\t\t\t\t<div class=\"elementor-element elementor-element-94d38d5 elementor-widget elementor-widget-text-editor\" data-id=\"94d38d5\" data-element_type=\"widget\" data-e-type=\"widget\" data-widget_type=\"text-editor.default\">\n\t\t\t\t<div class=\"elementor-widget-container\">\n\t\t\t\t\t\t\t\t\t<p>G\u00f6ran L\u00e5ngstr\u00f6m<\/p><p>Sekreterare<\/p>\t\t\t\t\t\t\t\t<\/div>\n\t\t\t\t<\/div>\n\t\t\t\t<\/div>\n\t\t<div class=\"elementor-element elementor-element-01140ba e-con-full e-flex e-con e-child\" data-id=\"01140ba\" data-element_type=\"container\" data-e-type=\"container\">\n\t\t\t\t<div class=\"elementor-element elementor-element-026aedc elementor-widget elementor-widget-image\" data-id=\"026aedc\" data-element_type=\"widget\" data-e-type=\"widget\" data-widget_type=\"image.default\">\n\t\t\t\t<div class=\"elementor-widget-container\">\n\t\t\t\t\t\t\t\t\t\t\t\t\t\t\t<img decoding=\"async\" src=\"https:\/\/perstorpsframtid.se\/wp-content\/uploads\/elementor\/thumbs\/Birger-Mansson-scaled-e1711538745575-qm9692j2px1nwsuaf1lxbgs41psri0stx1k4vc63nk.jpg\" title=\"Birger M\u00e5nsson\" alt=\"Birger M\u00e5nsson\" loading=\"lazy\" \/>\t\t\t\t\t\t\t\t\t\t\t\t\t\t\t<\/div>\n\t\t\t\t<\/div>\n\t\t\t\t<div class=\"elementor-element elementor-element-8595670 elementor-widget elementor-widget-text-editor\" data-id=\"8595670\" data-element_type=\"widget\" data-e-type=\"widget\" data-widget_type=\"text-editor.default\">\n\t\t\t\t<div class=\"elementor-widget-container\">\n\t\t\t\t\t\t\t\t\t<p>Birger M\u00e5nsson<\/p><p>Ledamot<\/p>\t\t\t\t\t\t\t\t<\/div>\n\t\t\t\t<\/div>\n\t\t\t\t<\/div>\n\t\t\t\t\t<\/div>\n\t\t\t\t<\/div>\n\t\t<div class=\"elementor-element elementor-element-f9955fa e-flex e-con-boxed e-con e-parent\" data-id=\"f9955fa\" data-element_type=\"container\" data-e-type=\"container\">\n\t\t\t\t\t<div class=\"e-con-inner\">\n\t\t<div class=\"elementor-element elementor-element-8294121 e-con-full e-flex e-con e-child\" data-id=\"8294121\" data-element_type=\"container\" data-e-type=\"container\">\n\t\t\t\t<div class=\"elementor-element elementor-element-bd625ea elementor-widget elementor-widget-image\" data-id=\"bd625ea\" data-element_type=\"widget\" data-e-type=\"widget\" data-widget_type=\"image.default\">\n\t\t\t\t<div class=\"elementor-widget-container\">\n\t\t\t\t\t\t\t\t\t\t\t\t\t\t\t<img decoding=\"async\" src=\"https:\/\/perstorpsframtid.se\/wp-content\/uploads\/elementor\/thumbs\/AL_IMG_0673-scaled-qm9692j2px1nwsuaf1lxbgs41psri0stx1k4vc63nk.jpg\" title=\"AL_IMG_0673\" alt=\"AL_IMG_0673\" loading=\"lazy\" \/>\t\t\t\t\t\t\t\t\t\t\t\t\t\t\t<\/div>\n\t\t\t\t<\/div>\n\t\t\t\t<div class=\"elementor-element elementor-element-2a2e4a2 elementor-widget elementor-widget-text-editor\" data-id=\"2a2e4a2\" data-element_type=\"widget\" data-e-type=\"widget\" data-widget_type=\"text-editor.default\">\n\t\t\t\t<div class=\"elementor-widget-container\">\n\t\t\t\t\t\t\t\t\t<p>Jan Aronsson<\/p><p>Ledamot<\/p>\t\t\t\t\t\t\t\t<\/div>\n\t\t\t\t<\/div>\n\t\t\t\t<\/div>\n\t\t<div class=\"elementor-element elementor-element-b36e1b3 e-con-full e-flex e-con e-child\" data-id=\"b36e1b3\" data-element_type=\"container\" data-e-type=\"container\">\n\t\t\t\t<div class=\"elementor-element elementor-element-77f8d6f elementor-widget elementor-widget-image\" data-id=\"77f8d6f\" data-element_type=\"widget\" data-e-type=\"widget\" data-widget_type=\"image.default\">\n\t\t\t\t<div class=\"elementor-widget-container\">\n\t\t\t\t\t\t\t\t\t\t\t\t\t\t\t<img decoding=\"async\" src=\"https:\/\/perstorpsframtid.se\/wp-content\/uploads\/elementor\/thumbs\/AL_IMG_0627-scaled-e1710407915142-qm9692j2px1nwsuaf1lxbgs41psri0stx1k4vc63nk.jpg\" title=\"AL_IMG_0627\" alt=\"AL_IMG_0627\" loading=\"lazy\" \/>\t\t\t\t\t\t\t\t\t\t\t\t\t\t\t<\/div>\n\t\t\t\t<\/div>\n\t\t\t\t<div class=\"elementor-element elementor-element-7244107 elementor-widget elementor-widget-text-editor\" data-id=\"7244107\" data-element_type=\"widget\" data-e-type=\"widget\" data-widget_type=\"text-editor.default\">\n\t\t\t\t<div class=\"elementor-widget-container\">\n\t\t\t\t\t\t\t\t\t<p>Ingela Aronsson<\/p><p>Ers\u00e4ttare<\/p>\t\t\t\t\t\t\t\t<\/div>\n\t\t\t\t<\/div>\n\t\t\t\t<\/div>\n\t\t\t\t\t<\/div>\n\t\t\t\t<\/div>\n\t\t<div class=\"elementor-element elementor-element-64189b7 e-flex e-con-boxed e-con e-parent\" data-id=\"64189b7\" data-element_type=\"container\" data-e-type=\"container\">\n\t\t\t\t\t<div class=\"e-con-inner\">\n\t\t<div class=\"elementor-element elementor-element-f0b8204 e-con-full e-flex e-con e-child\" data-id=\"f0b8204\" data-element_type=\"container\" data-e-type=\"container\">\n\t\t\t\t<\/div>\n\t\t\t\t\t<\/div>\n\t\t\t\t<\/div>\n\t\t\t\t<\/div>\n\t\t","protected":false},"excerpt":{"rendered":"<p>Perstorps Framtids Styrelse Yvonne L\u00e5ngstr\u00f6m Ordf\u00f6rande G\u00f6ran L\u00e5ngstr\u00f6m Sekreterare Birger M\u00e5nsson Ledamot Jan Aronsson Ledamot Ingela Aronsson Ers\u00e4ttare<\/p>\n","protected":false},"author":2,"featured_media":0,"parent":0,"menu_order":0,"comment_status":"closed","ping_status":"closed","template":"","meta":{"footnotes":""},"class_list":["post-369","page","type-page","status-publish","hentry"],"_links":{"self":[{"href":"https:\/\/perstorpsframtid.se\/index.php\/wp-json\/wp\/v2\/pages\/369","targetHints":{"allow":["GET"]}}],"collection":[{"href":"https:\/\/perstorpsframtid.se\/index.php\/wp-json\/wp\/v2\/pages"}],"about":[{"href":"https:\/\/perstorpsframtid.se\/index.php\/wp-json\/wp\/v2\/types\/page"}],"author":[{"embeddable":true,"href":"https:\/\/perstorpsframtid.se\/index.php\/wp-json\/wp\/v2\/users\/2"}],"replies":[{"embeddable":true,"href":"https:\/\/perstorpsframtid.se\/index.php\/wp-json\/wp\/v2\/comments?post=369"}],"version-history":[{"count":25,"href":"https:\/\/perstorpsframtid.se\/index.php\/wp-json\/wp\/v2\/pages\/369\/revisions"}],"predecessor-version":[{"id":499,"href":"https:\/\/perstorpsframtid.se\/index.php\/wp-json\/wp\/v2\/pages\/369\/revisions\/499"}],"wp:attachment":[{"href":"https:\/\/perstorpsframtid.se\/index.php\/wp-json\/wp\/v2\/media?parent=369"}],"curies":[{"name":"wp","href":"https:\/\/api.w.org\/{rel}","templated":true}]}}