{"id":71,"date":"2024-02-26T16:32:21","date_gmt":"2024-02-26T16:32:21","guid":{"rendered":"https:\/\/perstorpsframtid.se\/?page_id=71"},"modified":"2024-02-26T19:50:27","modified_gmt":"2024-02-26T19:50:27","slug":"politik","status":"publish","type":"page","link":"https:\/\/perstorpsframtid.se\/index.php\/politik\/","title":{"rendered":"Politik"},"content":{"rendered":"\t\t<div data-elementor-type=\"wp-page\" data-elementor-id=\"71\" class=\"elementor elementor-71\" data-elementor-post-type=\"page\">\n\t\t\t\t<div class=\"elementor-element elementor-element-282f856 e-flex e-con-boxed e-con e-parent\" data-id=\"282f856\" data-element_type=\"container\" data-e-type=\"container\">\n\t\t\t\t\t<div class=\"e-con-inner\">\n\t\t\t\t<div class=\"elementor-element elementor-element-4c42688 elementor-widget elementor-widget-spacer\" data-id=\"4c42688\" data-element_type=\"widget\" data-e-type=\"widget\" data-widget_type=\"spacer.default\">\n\t\t\t\t<div class=\"elementor-widget-container\">\n\t\t\t\t\t\t\t<div class=\"elementor-spacer\">\n\t\t\t<div class=\"elementor-spacer-inner\"><\/div>\n\t\t<\/div>\n\t\t\t\t\t\t<\/div>\n\t\t\t\t<\/div>\n\t\t\t\t<div class=\"elementor-element elementor-element-d2a8e15 elementor-widget elementor-widget-heading\" data-id=\"d2a8e15\" data-element_type=\"widget\" data-e-type=\"widget\" data-widget_type=\"heading.default\">\n\t\t\t\t<div class=\"elementor-widget-container\">\n\t\t\t\t\t<h2 class=\"elementor-heading-title elementor-size-default\">Perstorps Framtids Representanter i n\u00e4mnder och styrelser<\/h2>\t\t\t\t<\/div>\n\t\t\t\t<\/div>\n\t\t\t\t<div class=\"elementor-element elementor-element-d5968bd elementor-widget elementor-widget-spacer\" data-id=\"d5968bd\" data-element_type=\"widget\" data-e-type=\"widget\" data-widget_type=\"spacer.default\">\n\t\t\t\t<div class=\"elementor-widget-container\">\n\t\t\t\t\t\t\t<div class=\"elementor-spacer\">\n\t\t\t<div class=\"elementor-spacer-inner\"><\/div>\n\t\t<\/div>\n\t\t\t\t\t\t<\/div>\n\t\t\t\t<\/div>\n\t\t\t\t\t<\/div>\n\t\t\t\t<\/div>\n\t\t<div class=\"elementor-element elementor-element-13ec0cb e-flex e-con-boxed e-con e-parent\" data-id=\"13ec0cb\" data-element_type=\"container\" data-e-type=\"container\">\n\t\t\t\t\t<div class=\"e-con-inner\">\n\t\t<div class=\"elementor-element elementor-element-359456d e-con-full e-flex e-con e-child\" data-id=\"359456d\" data-element_type=\"container\" data-e-type=\"container\">\n\t\t\t\t<div class=\"elementor-element elementor-element-bfb8353 elementor-widget elementor-widget-text-editor\" data-id=\"bfb8353\" data-element_type=\"widget\" data-e-type=\"widget\" data-widget_type=\"text-editor.default\">\n\t\t\t\t<div class=\"elementor-widget-container\">\n\t\t\t\t\t\t\t\t\t<p><a href=\"https:\/\/perstorpsframtid.se\/index.php\/kommunstyrelsen\/\">Kommunstyrelsen<\/a><br \/><a href=\"https:\/\/perstorpsframtid.se\/index.php\/valnamnden\/\">Valn\u00e4mnden<\/a><br \/>Barn och Utbildningsn\u00e4mnden<br \/>Byggnadsn\u00e4mnden<\/p>\t\t\t\t\t\t\t\t<\/div>\n\t\t\t\t<\/div>\n\t\t\t\t<\/div>\n\t\t<div class=\"elementor-element elementor-element-6a56289 e-con-full e-flex e-con e-child\" data-id=\"6a56289\" data-element_type=\"container\" data-e-type=\"container\">\n\t\t\t\t<div class=\"elementor-element elementor-element-e5f31eb elementor-widget elementor-widget-text-editor\" data-id=\"e5f31eb\" data-element_type=\"widget\" data-e-type=\"widget\" data-widget_type=\"text-editor.default\">\n\t\t\t\t<div class=\"elementor-widget-container\">\n\t\t\t\t\t\t\t\t\t<p>Revisionen<br \/>Socialn\u00e4mnden<br \/>Kultur och Fritidsn\u00e4mnden<\/p>\t\t\t\t\t\t\t\t<\/div>\n\t\t\t\t<\/div>\n\t\t\t\t<\/div>\n\t\t\t\t\t<\/div>\n\t\t\t\t<\/div>\n\t\t\t\t<\/div>\n\t\t","protected":false},"excerpt":{"rendered":"<p>Perstorps Framtids Representanter i n\u00e4mnder och styrelser KommunstyrelsenValn\u00e4mndenBarn och Utbildningsn\u00e4mndenByggnadsn\u00e4mnden RevisionenSocialn\u00e4mndenKultur och Fritidsn\u00e4mnden<\/p>\n","protected":false},"author":2,"featured_media":0,"parent":0,"menu_order":0,"comment_status":"closed","ping_status":"closed","template":"","meta":{"footnotes":""},"class_list":["post-71","page","type-page","status-publish","hentry"],"_links":{"self":[{"href":"https:\/\/perstorpsframtid.se\/index.php\/wp-json\/wp\/v2\/pages\/71","targetHints":{"allow":["GET"]}}],"collection":[{"href":"https:\/\/perstorpsframtid.se\/index.php\/wp-json\/wp\/v2\/pages"}],"about":[{"href":"https:\/\/perstorpsframtid.se\/index.php\/wp-json\/wp\/v2\/types\/page"}],"author":[{"embeddable":true,"href":"https:\/\/perstorpsframtid.se\/index.php\/wp-json\/wp\/v2\/users\/2"}],"replies":[{"embeddable":true,"href":"https:\/\/perstorpsframtid.se\/index.php\/wp-json\/wp\/v2\/comments?post=71"}],"version-history":[{"count":40,"href":"https:\/\/perstorpsframtid.se\/index.php\/wp-json\/wp\/v2\/pages\/71\/revisions"}],"predecessor-version":[{"id":239,"href":"https:\/\/perstorpsframtid.se\/index.php\/wp-json\/wp\/v2\/pages\/71\/revisions\/239"}],"wp:attachment":[{"href":"https:\/\/perstorpsframtid.se\/index.php\/wp-json\/wp\/v2\/media?parent=71"}],"curies":[{"name":"wp","href":"https:\/\/api.w.org\/{rel}","templated":true}]}}