{"id":75,"date":"2024-02-26T16:33:21","date_gmt":"2024-02-26T16:33:21","guid":{"rendered":"https:\/\/perstorpsframtid.se\/?page_id=75"},"modified":"2024-03-05T10:08:48","modified_gmt":"2024-03-05T10:08:48","slug":"bli-medlem","status":"publish","type":"page","link":"https:\/\/perstorpsframtid.se\/index.php\/bli-medlem\/","title":{"rendered":"Bli medlem"},"content":{"rendered":"\t\t<div data-elementor-type=\"wp-page\" data-elementor-id=\"75\" class=\"elementor elementor-75\" data-elementor-post-type=\"page\">\n\t\t\t\t<div class=\"elementor-element elementor-element-e27e4e1 e-flex e-con-boxed e-con e-parent\" data-id=\"e27e4e1\" data-element_type=\"container\" data-e-type=\"container\">\n\t\t\t\t\t<div class=\"e-con-inner\">\n\t\t<div class=\"elementor-element elementor-element-677440f e-con-full e-flex e-con e-child\" data-id=\"677440f\" data-element_type=\"container\" data-e-type=\"container\">\n\t\t\t\t<div class=\"elementor-element elementor-element-9afbabe elementor-widget elementor-widget-image\" data-id=\"9afbabe\" data-element_type=\"widget\" data-e-type=\"widget\" data-widget_type=\"image.default\">\n\t\t\t\t<div class=\"elementor-widget-container\">\n\t\t\t\t\t\t\t\t\t\t\t\t\t\t\t<img fetchpriority=\"high\" decoding=\"async\" width=\"600\" height=\"600\" src=\"https:\/\/perstorpsframtid.se\/wp-content\/uploads\/2024\/02\/pflogo.png\" class=\"attachment-large size-large wp-image-56\" alt=\"\" srcset=\"https:\/\/perstorpsframtid.se\/wp-content\/uploads\/2024\/02\/pflogo.png 600w, https:\/\/perstorpsframtid.se\/wp-content\/uploads\/2024\/02\/pflogo-300x300.png 300w, https:\/\/perstorpsframtid.se\/wp-content\/uploads\/2024\/02\/pflogo-150x150.png 150w\" sizes=\"(max-width: 600px) 100vw, 600px\" \/>\t\t\t\t\t\t\t\t\t\t\t\t\t\t\t<\/div>\n\t\t\t\t<\/div>\n\t\t\t\t<\/div>\n\t\t<div class=\"elementor-element elementor-element-9e4e003 e-con-full e-flex e-con e-child\" data-id=\"9e4e003\" data-element_type=\"container\" data-e-type=\"container\">\n\t\t\t\t<div class=\"elementor-element elementor-element-303902f elementor-widget elementor-widget-spacer\" data-id=\"303902f\" data-element_type=\"widget\" data-e-type=\"widget\" data-widget_type=\"spacer.default\">\n\t\t\t\t<div class=\"elementor-widget-container\">\n\t\t\t\t\t\t\t<div class=\"elementor-spacer\">\n\t\t\t<div class=\"elementor-spacer-inner\"><\/div>\n\t\t<\/div>\n\t\t\t\t\t\t<\/div>\n\t\t\t\t<\/div>\n\t\t\t\t<div class=\"elementor-element elementor-element-3b388b9 elementor-widget elementor-widget-heading\" data-id=\"3b388b9\" data-element_type=\"widget\" data-e-type=\"widget\" data-widget_type=\"heading.default\">\n\t\t\t\t<div class=\"elementor-widget-container\">\n\t\t\t\t\t<h2 class=\"elementor-heading-title elementor-size-default\">Vill du vara med och P\u00e5verka i Perstorp?<\/h2>\t\t\t\t<\/div>\n\t\t\t\t<\/div>\n\t\t\t\t<div class=\"elementor-element elementor-element-9a16f7d elementor-widget elementor-widget-text-editor\" data-id=\"9a16f7d\" data-element_type=\"widget\" data-e-type=\"widget\" data-widget_type=\"text-editor.default\">\n\t\t\t\t<div class=\"elementor-widget-container\">\n\t\t\t\t\t\t\t\t\t<h5>F\u00f6r att bli medlem i Perstorps Framtid s\u00e5 ber vi dig att fyll att fylla i kontaktformul\u00e4ret h\u00e4r under s\u00e5 \u00e5terkommer vi till dig.<\/h5>\t\t\t\t\t\t\t\t<\/div>\n\t\t\t\t<\/div>\n\t\t\t\t<\/div>\n\t\t\t\t\t<\/div>\n\t\t\t\t<\/div>\n\t\t<div class=\"elementor-element elementor-element-7f68427 e-flex e-con-boxed e-con e-parent\" data-id=\"7f68427\" data-element_type=\"container\" data-e-type=\"container\">\n\t\t\t\t\t<div class=\"e-con-inner\">\n\t\t\t\t<div class=\"elementor-element elementor-element-5c8b8dc elementor-widget elementor-widget-spacer\" data-id=\"5c8b8dc\" data-element_type=\"widget\" data-e-type=\"widget\" data-widget_type=\"spacer.default\">\n\t\t\t\t<div class=\"elementor-widget-container\">\n\t\t\t\t\t\t\t<div class=\"elementor-spacer\">\n\t\t\t<div class=\"elementor-spacer-inner\"><\/div>\n\t\t<\/div>\n\t\t\t\t\t\t<\/div>\n\t\t\t\t<\/div>\n\t\t\t\t<div class=\"elementor-element elementor-element-f8e3d96 elementor-widget elementor-widget-heading\" data-id=\"f8e3d96\" data-element_type=\"widget\" data-e-type=\"widget\" data-widget_type=\"heading.default\">\n\t\t\t\t<div class=\"elementor-widget-container\">\n\t\t\t\t\t<h2 class=\"elementor-heading-title elementor-size-default\">Medlemsuppgifter<\/h2>\t\t\t\t<\/div>\n\t\t\t\t<\/div>\n\t\t\t\t\t<\/div>\n\t\t\t\t<\/div>\n\t\t<div class=\"elementor-element elementor-element-97a837b e-flex e-con-boxed e-con e-parent\" data-id=\"97a837b\" data-element_type=\"container\" data-e-type=\"container\">\n\t\t\t\t\t<div class=\"e-con-inner\">\n\t\t\t\t<div class=\"elementor-element elementor-element-06aec5a elementor-widget elementor-widget-wpforms\" data-id=\"06aec5a\" data-element_type=\"widget\" data-e-type=\"widget\" data-widget_type=\"wpforms.default\">\n\t\t\t\t<div class=\"elementor-widget-container\">\n\t\t\t\t\t<div class=\"wpforms-container wpforms-container-full wpforms-render-modern\" id=\"wpforms-345\"><form id=\"wpforms-form-345\" class=\"wpforms-validate wpforms-form wpforms-ajax-form\" data-formid=\"345\" method=\"post\" enctype=\"multipart\/form-data\" action=\"\/index.php\/wp-json\/wp\/v2\/pages\/75\" data-token=\"94688203b42609624ecc6e1919af5a6c\" data-token-time=\"1777126579\"><noscript class=\"wpforms-error-noscript\">Aktivera JavaScript i din webbl\u00e4sare f\u00f6r att fylla i formul\u00e4ret.<\/noscript><div id=\"wpforms-error-noscript\" style=\"display: none;\">Aktivera JavaScript i din webbl\u00e4sare f\u00f6r att fylla i formul\u00e4ret.<\/div><div class=\"wpforms-field-container\"><div id=\"wpforms-345-field_0-container\" class=\"wpforms-field wpforms-field-name\" data-field-id=\"0\"><label class=\"wpforms-field-label\" for=\"wpforms-345-field_0\">Namn <span class=\"wpforms-required-label\" aria-hidden=\"true\">*<\/span><\/label><input type=\"text\" id=\"wpforms-345-field_0\" class=\"wpforms-field-medium wpforms-field-required\" name=\"wpforms[fields][0]\" aria-errormessage=\"wpforms-345-field_0-error\" required><\/div><div id=\"wpforms-345-field_1-container\" class=\"wpforms-field wpforms-field-email\" data-field-id=\"1\"><label class=\"wpforms-field-label\" for=\"wpforms-345-field_1\">E-post <span class=\"wpforms-required-label\" aria-hidden=\"true\">*<\/span><\/label><input type=\"email\" id=\"wpforms-345-field_1\" class=\"wpforms-field-medium wpforms-field-required\" name=\"wpforms[fields][1]\" spellcheck=\"false\" aria-errormessage=\"wpforms-345-field_1-error\" required><\/div><div id=\"wpforms-345-field_3-container\" class=\"wpforms-field wpforms-field-text\" data-field-id=\"3\"><label class=\"wpforms-field-label\" for=\"wpforms-345-field_3\">Telefon<\/label><input type=\"text\" id=\"wpforms-345-field_3\" class=\"wpforms-field-medium\" name=\"wpforms[fields][3]\" aria-errormessage=\"wpforms-345-field_3-error\" ><\/div><div id=\"wpforms-345-field_4-container\" class=\"wpforms-field wpforms-field-textarea\" data-field-id=\"4\"><label class=\"wpforms-field-label\" for=\"wpforms-345-field_4\">Adress<\/label><textarea id=\"wpforms-345-field_4\" class=\"wpforms-field-medium\" name=\"wpforms[fields][4]\" aria-errormessage=\"wpforms-345-field_4-error\" ><\/textarea><\/div><div id=\"wpforms-345-field_2-container\" class=\"wpforms-field wpforms-field-textarea\" data-field-id=\"2\"><label class=\"wpforms-field-label\" for=\"wpforms-345-field_2\">Meddelande<\/label><textarea id=\"wpforms-345-field_2\" class=\"wpforms-field-medium\" name=\"wpforms[fields][2]\" aria-errormessage=\"wpforms-345-field_2-error\" ><\/textarea><\/div><\/div><!-- .wpforms-field-container --><div class=\"wpforms-submit-container\" ><input type=\"hidden\" name=\"wpforms[id]\" value=\"345\"><input type=\"hidden\" name=\"page_title\" value=\"\"><input type=\"hidden\" name=\"page_url\" value=\"https:\/\/perstorpsframtid.se\/index.php\/wp-json\/wp\/v2\/pages\/75\"><input type=\"hidden\" name=\"url_referer\" value=\"\"><button type=\"submit\" name=\"wpforms[submit]\" id=\"wpforms-submit-345\" class=\"wpforms-submit\" data-alt-text=\"Skickar \u2026\" data-submit-text=\"Skicka\" aria-live=\"assertive\" value=\"wpforms-submit\">Skicka<\/button><img decoding=\"async\" src=\"https:\/\/perstorpsframtid.se\/wp-content\/plugins\/wpforms-lite\/assets\/images\/submit-spin.svg\" class=\"wpforms-submit-spinner\" style=\"display: none;\" width=\"26\" height=\"26\" alt=\"Laddar\"><\/div><\/form><\/div>  <!-- .wpforms-container -->\t\t\t\t<\/div>\n\t\t\t\t<\/div>\n\t\t\t\t\t<\/div>\n\t\t\t\t<\/div>\n\t\t\t\t<\/div>\n\t\t","protected":false},"excerpt":{"rendered":"<p>Vill du vara med och P\u00e5verka i Perstorp? F\u00f6r att bli medlem i Perstorps Framtid s\u00e5 ber vi dig att fyll att fylla i kontaktformul\u00e4ret h\u00e4r under s\u00e5 \u00e5terkommer vi till dig. Medlemsuppgifter Aktivera JavaScript i din webbl\u00e4sare f\u00f6r att slutf\u00f6ra detta formul\u00e4r.Aktivera JavaScript i din webbl\u00e4sare f\u00f6r att slutf\u00f6ra detta formul\u00e4r.Namn *E-post *TelefonAdressMeddelande Skicka<\/p>\n","protected":false},"author":2,"featured_media":0,"parent":0,"menu_order":0,"comment_status":"closed","ping_status":"closed","template":"","meta":{"footnotes":""},"class_list":["post-75","page","type-page","status-publish","hentry"],"_links":{"self":[{"href":"https:\/\/perstorpsframtid.se\/index.php\/wp-json\/wp\/v2\/pages\/75","targetHints":{"allow":["GET"]}}],"collection":[{"href":"https:\/\/perstorpsframtid.se\/index.php\/wp-json\/wp\/v2\/pages"}],"about":[{"href":"https:\/\/perstorpsframtid.se\/index.php\/wp-json\/wp\/v2\/types\/page"}],"author":[{"embeddable":true,"href":"https:\/\/perstorpsframtid.se\/index.php\/wp-json\/wp\/v2\/users\/2"}],"replies":[{"embeddable":true,"href":"https:\/\/perstorpsframtid.se\/index.php\/wp-json\/wp\/v2\/comments?post=75"}],"version-history":[{"count":7,"href":"https:\/\/perstorpsframtid.se\/index.php\/wp-json\/wp\/v2\/pages\/75\/revisions"}],"predecessor-version":[{"id":354,"href":"https:\/\/perstorpsframtid.se\/index.php\/wp-json\/wp\/v2\/pages\/75\/revisions\/354"}],"wp:attachment":[{"href":"https:\/\/perstorpsframtid.se\/index.php\/wp-json\/wp\/v2\/media?parent=75"}],"curies":[{"name":"wp","href":"https:\/\/api.w.org\/{rel}","templated":true}]}}